{"id":9292,"date":"2019-12-20T10:56:48","date_gmt":"2019-12-20T10:56:48","guid":{"rendered":"https:\/\/magnetdatingagency.com\/blogi-2\/"},"modified":"2023-11-01T12:49:30","modified_gmt":"2023-11-01T12:49:30","slug":"blog","status":"publish","type":"page","link":"https:\/\/magnetdatingagency.com\/en\/blog\/","title":{"rendered":"Blogi"},"content":{"rendered":"\t\t<div data-elementor-type=\"wp-page\" data-elementor-id=\"9292\" class=\"elementor elementor-9292 elementor-2303\">\n\t\t\t\t\t\t\t\t\t<section class=\"elementor-section elementor-top-section elementor-element elementor-element-0638455 elementor-section-stretched elementor-section-boxed elementor-section-height-default elementor-section-height-default\" data-id=\"0638455\" data-element_type=\"section\" data-settings=\"{&quot;stretch_section&quot;:&quot;section-stretched&quot;,&quot;background_background&quot;:&quot;classic&quot;}\">\n\t\t\t\t\t\t<div class=\"elementor-container elementor-column-gap-no\">\n\t\t\t\t\t<div class=\"elementor-column elementor-col-100 elementor-top-column elementor-element elementor-element-ed3c02a\" data-id=\"ed3c02a\" data-element_type=\"column\">\n\t\t\t<div class=\"elementor-widget-wrap elementor-element-populated\">\n\t\t\t\t\t\t\t\t<div class=\"elementor-element elementor-element-765a4d3 preserve-img-ratio-cover elementor-widget elementor-widget-the7_elements\" data-id=\"765a4d3\" data-element_type=\"widget\" data-widget_type=\"the7_elements.default\">\n\t\t\t\t<div class=\"elementor-widget-container\">\n\t\t\t<div class=\"portfolio-shortcode the7-elementor-widget the7_elements-765a4d3 mode-grid dt-css-grid-wrap classic-layout-list description-under-image content-bg-on resize-by-browser-width loading-effect-none enable-pagination-scroll jquery-filter\" data-padding=\"60px\" data-mobile-columns-num=\"1\" data-tablet-columns-num=\"2\" data-desktop-columns-num=\"3\" data-wide-desktop-columns-num=\"3\" data-post-limit=\"6\" data-pagination-mode=\"pages\" data-scroll-offset=\"-90\"><div class=\"dt-css-grid custom-pagination-handler\"><div class=\"visible wf-cell\" data-post-id=\"9294\" data-date=\"2023-07-10T07:04:15+00:00\" data-name=\"Chemistry or Connection?\"><article class=\"post visible post-9294 type-post status-publish format-standard has-post-thumbnail hentry category-suhted-ja-kohtingud category-43 description-off\" data-name=\"Chemistry or Connection?\" data-date=\"2023-07-10T07:04:15+00:00\">\n\n\t<div class=\"post-thumbnail-wrap rollover-active\">\n\t\t<div class=\"post-thumbnail\">\n\n\t\t\t<a href=\"https:\/\/magnetdatingagency.com\/en\/chemistry-or-connection-2\/\" class=\"post-thumbnail-rollover img-css-resize-wrapper layzr-bg\" aria-label=\"Post image\"><img fetchpriority=\"high\" decoding=\"async\" class=\"preload-me lazy-load aspect\" src=\"data:image\/svg+xml,%3Csvg%20xmlns%3D&#39;http%3A%2F%2Fwww.w3.org%2F2000%2Fsvg&#39;%20viewBox%3D&#39;0%200%20768%20512&#39;%2F%3E\" data-src=\"https:\/\/magnetdatingagency.com\/wp-content\/uploads\/2023\/07\/a-couple-of-1694334_768.jpg\" data-srcset=\"https:\/\/magnetdatingagency.com\/wp-content\/uploads\/2023\/07\/a-couple-of-1694334_768.jpg 768w\" loading=\"eager\" style=\"--ratio: 768 \/ 512;\" sizes=\"(max-width: 768px) 100vw, 768px\" alt=\"\" title=\"a-couple-of-1694334_768\" width=\"768\" height=\"512\"  \/><\/a><div class=\"project-links-container\"><a href=\"https:\/\/magnetdatingagency.com\/en\/chemistry-or-connection-2\/\" class=\"project-details\" aria-label=\"Details link\"><span aria-hidden=\"true\" class=\"feather feather-more-horizontal\"><\/span><\/a><\/div>\n\t\t<\/div>\n\t<\/div>\n\n\n<div class=\"post-entry-content\">\n\n\t<h3 class=\"ele-entry-title\"><a href=\"https:\/\/magnetdatingagency.com\/en\/chemistry-or-connection-2\/\" rel=\"bookmark\" title=\"Chemistry or Connection?\">Chemistry or Connection?<\/a><\/h3><div class=\"entry-meta\"><a href=\"https:\/\/magnetdatingagency.com\/en\/2023\/07\/10\/\" title=\"7:04 am\" class=\"meta-item data-link\" rel=\"bookmark\"><time class=\"entry-date updated\" datetime=\"2023-07-10T07:04:15+00:00\">July 10, 2023<\/time><\/a><\/div><div class=\"entry-excerpt\"><p>On the first date, if you have chemistry without the connection, you will get the call. If you have connection&hellip;<\/p>\n<\/div><a href=\"https:\/\/magnetdatingagency.com\/en\/chemistry-or-connection-2\/\" target=\"\" aria-label=\"Read more about Chemistry or Connection?\" class=\"box-button elementor-button elementor-size-sm\">Read article<\/a>\n<\/div><\/article><\/div><div class=\"visible wf-cell\" data-post-id=\"9298\" data-date=\"2023-04-04T08:00:31+00:00\" data-name=\"Kohtamine 21. sajandil\"><article class=\"post visible post-9298 type-post status-publish format-standard has-post-thumbnail hentry category-suhted-ja-kohtingud category-43 description-off\" data-name=\"Kohtamine 21. sajandil\" data-date=\"2023-04-04T08:00:31+00:00\">\n\n\t<div class=\"post-thumbnail-wrap rollover-active\">\n\t\t<div class=\"post-thumbnail\">\n\n\t\t\t<a href=\"https:\/\/magnetdatingagency.com\/en\/kohtamine-21-sajandil-2\/\" class=\"post-thumbnail-rollover img-css-resize-wrapper layzr-bg\" aria-label=\"Post image\"><img decoding=\"async\" class=\"preload-me lazy-load aspect\" src=\"data:image\/svg+xml,%3Csvg%20xmlns%3D&#39;http%3A%2F%2Fwww.w3.org%2F2000%2Fsvg&#39;%20viewBox%3D&#39;0%200%202560%201709&#39;%2F%3E\" data-src=\"https:\/\/magnetdatingagency.com\/wp-content\/uploads\/2023\/04\/post-3-scaled.jpeg\" data-srcset=\"https:\/\/magnetdatingagency.com\/wp-content\/uploads\/2023\/04\/post-3-scaled.jpeg 2560w\" loading=\"eager\" style=\"--ratio: 2560 \/ 1709;\" sizes=\"(max-width: 2560px) 100vw, 2560px\" alt=\"\" title=\"Close up photo interested he him his guy hold telephone addicted community mane friends trend addiction illustration pictures girls dating site futuristic creative design isolated grey background\" width=\"2560\" height=\"1709\"  \/><\/a><div class=\"project-links-container\"><a href=\"https:\/\/magnetdatingagency.com\/en\/kohtamine-21-sajandil-2\/\" class=\"project-details\" aria-label=\"Details link\"><span aria-hidden=\"true\" class=\"feather feather-more-horizontal\"><\/span><\/a><\/div>\n\t\t<\/div>\n\t<\/div>\n\n\n<div class=\"post-entry-content\">\n\n\t<h3 class=\"ele-entry-title\"><a href=\"https:\/\/magnetdatingagency.com\/en\/kohtamine-21-sajandil-2\/\" rel=\"bookmark\" title=\"Kohtamine 21. sajandil\">Kohtamine 21. sajandil<\/a><\/h3><div class=\"entry-meta\"><a href=\"https:\/\/magnetdatingagency.com\/en\/2023\/04\/04\/\" title=\"8:00 am\" class=\"meta-item data-link\" rel=\"bookmark\"><time class=\"entry-date updated\" datetime=\"2023-04-04T08:00:31+00:00\">April 4, 2023<\/time><\/a><\/div><div class=\"entry-excerpt\"><p>L\u00e4hisuhted on alati olnud m\u00f5jutatud muutustest \u00fchiskonnas ja maailmas laiemalt. Huvitav on vaadata \u00fchiskondlikke norme ja arusaamasid ning n\u00e4ha, kuidas&hellip;<\/p>\n<\/div><a href=\"https:\/\/magnetdatingagency.com\/en\/kohtamine-21-sajandil-2\/\" target=\"\" aria-label=\"Read more about Kohtamine 21. sajandil\" class=\"box-button elementor-button elementor-size-sm\">Read article<\/a>\n<\/div><\/article><\/div><div class=\"visible wf-cell\" data-post-id=\"9300\" data-date=\"2023-04-04T07:52:41+00:00\" data-name=\"Esimese kohtingu vead\"><article class=\"post visible post-9300 type-post status-publish format-standard has-post-thumbnail hentry category-suhted-ja-kohtingud category-43 description-off\" data-name=\"Esimese kohtingu vead\" data-date=\"2023-04-04T07:52:41+00:00\">\n\n\t<div class=\"post-thumbnail-wrap rollover-active\">\n\t\t<div class=\"post-thumbnail\">\n\n\t\t\t<a href=\"https:\/\/magnetdatingagency.com\/en\/esimese-kohtingu-vead-2\/\" class=\"post-thumbnail-rollover img-css-resize-wrapper layzr-bg\" aria-label=\"Post image\"><img decoding=\"async\" class=\"preload-me lazy-load aspect\" src=\"data:image\/svg+xml,%3Csvg%20xmlns%3D&#39;http%3A%2F%2Fwww.w3.org%2F2000%2Fsvg&#39;%20viewBox%3D&#39;0%200%202560%201707&#39;%2F%3E\" data-src=\"https:\/\/magnetdatingagency.com\/wp-content\/uploads\/2023\/04\/post-2-scaled.jpeg\" data-srcset=\"https:\/\/magnetdatingagency.com\/wp-content\/uploads\/2023\/04\/post-2-scaled.jpeg 2560w\" loading=\"eager\" style=\"--ratio: 2560 \/ 1707;\" sizes=\"(max-width: 2560px) 100vw, 2560px\" alt=\"\" title=\"Beautiful couple in a restaurant\" width=\"2560\" height=\"1707\"  \/><\/a><div class=\"project-links-container\"><a href=\"https:\/\/magnetdatingagency.com\/en\/esimese-kohtingu-vead-2\/\" class=\"project-details\" aria-label=\"Details link\"><span aria-hidden=\"true\" class=\"feather feather-more-horizontal\"><\/span><\/a><\/div>\n\t\t<\/div>\n\t<\/div>\n\n\n<div class=\"post-entry-content\">\n\n\t<h3 class=\"ele-entry-title\"><a href=\"https:\/\/magnetdatingagency.com\/en\/esimese-kohtingu-vead-2\/\" rel=\"bookmark\" title=\"Esimese kohtingu vead\">Esimese kohtingu vead<\/a><\/h3><div class=\"entry-meta\"><a href=\"https:\/\/magnetdatingagency.com\/en\/2023\/04\/04\/\" title=\"7:52 am\" class=\"meta-item data-link\" rel=\"bookmark\"><time class=\"entry-date updated\" datetime=\"2023-04-04T07:52:41+00:00\">April 4, 2023<\/time><\/a><\/div><div class=\"entry-excerpt\"><p>Esimene kohting on alati pisut erilisem kui j\u00e4rgmised. Esimese kohtumise m\u00f5te on inimest p\u00e4riselt n\u00e4ha, et otsustada, kas liikuda edasi&hellip;<\/p>\n<\/div><a href=\"https:\/\/magnetdatingagency.com\/en\/esimese-kohtingu-vead-2\/\" target=\"\" aria-label=\"Read more about Esimese kohtingu vead\" class=\"box-button elementor-button elementor-size-sm\">Read article<\/a>\n<\/div><\/article><\/div><div class=\"visible wf-cell\" data-post-id=\"9302\" data-date=\"2023-04-04T04:46:47+00:00\" data-name=\"Kohtinguagentuur Magnet viskab Tinderile kinda\"><article class=\"post visible post-9302 type-post status-publish format-standard has-post-thumbnail hentry category-suhted-ja-kohtingud category-43 description-off\" data-name=\"Kohtinguagentuur Magnet viskab Tinderile kinda\" data-date=\"2023-04-04T04:46:47+00:00\">\n\n\t<div class=\"post-thumbnail-wrap rollover-active\">\n\t\t<div class=\"post-thumbnail\">\n\n\t\t\t<a href=\"https:\/\/magnetdatingagency.com\/en\/kohtinguagentuur-magnet-viskab-tinderile-kinda-2\/\" class=\"post-thumbnail-rollover img-css-resize-wrapper layzr-bg\" aria-label=\"Post image\"><img decoding=\"async\" class=\"preload-me lazy-load aspect\" src=\"data:image\/svg+xml,%3Csvg%20xmlns%3D&#39;http%3A%2F%2Fwww.w3.org%2F2000%2Fsvg&#39;%20viewBox%3D&#39;0%200%201080%201080&#39;%2F%3E\" data-src=\"https:\/\/magnetdatingagency.com\/wp-content\/uploads\/2023\/04\/hands.png\" data-srcset=\"https:\/\/magnetdatingagency.com\/wp-content\/uploads\/2023\/04\/hands.png 1080w\" loading=\"eager\" style=\"--ratio: 1080 \/ 1080;\" sizes=\"(max-width: 1080px) 100vw, 1080px\" alt=\"\" title=\"hands\" width=\"1080\" height=\"1080\"  \/><\/a><div class=\"project-links-container\"><a href=\"https:\/\/magnetdatingagency.com\/en\/kohtinguagentuur-magnet-viskab-tinderile-kinda-2\/\" class=\"project-details\" aria-label=\"Details link\"><span aria-hidden=\"true\" class=\"feather feather-more-horizontal\"><\/span><\/a><\/div>\n\t\t<\/div>\n\t<\/div>\n\n\n<div class=\"post-entry-content\">\n\n\t<h3 class=\"ele-entry-title\"><a href=\"https:\/\/magnetdatingagency.com\/en\/kohtinguagentuur-magnet-viskab-tinderile-kinda-2\/\" rel=\"bookmark\" title=\"Kohtinguagentuur Magnet viskab Tinderile kinda\">Kohtinguagentuur Magnet viskab Tinderile kinda<\/a><\/h3><div class=\"entry-meta\"><a href=\"https:\/\/magnetdatingagency.com\/en\/2023\/04\/04\/\" title=\"4:46 am\" class=\"meta-item data-link\" rel=\"bookmark\"><time class=\"entry-date updated\" datetime=\"2023-04-04T04:46:47+00:00\">April 4, 2023<\/time><\/a><\/div><div class=\"entry-excerpt\"><p>Kohtinguagentuur Magnet Dating Agency on v\u00f5tnud enda \u00fcllaks eesm\u00e4rgiks viia aasta l\u00f5puks kokku v\u00e4hemalt 2023 paari. Magnet on Eesti turul&hellip;<\/p>\n<\/div><a href=\"https:\/\/magnetdatingagency.com\/en\/kohtinguagentuur-magnet-viskab-tinderile-kinda-2\/\" target=\"\" aria-label=\"Read more about Kohtinguagentuur Magnet viskab Tinderile kinda\" class=\"box-button elementor-button elementor-size-sm\">Read article<\/a>\n<\/div><\/article><\/div><\/div><!-- iso-container|iso-grid --><div class=\"paginator filter-decorations filter-pointer-underline filter-animation-fade\" role=\"navigation\"><\/div><\/div>\t\t<\/div>\n\t\t\t\t<\/div>\n\t\t\t\t\t<\/div>\n\t\t<\/div>\n\t\t\t\t\t\t\t<\/div>\n\t\t<\/section>\n\t\t\t\t<section class=\"elementor-section elementor-top-section elementor-element elementor-element-87db3ed elementor-section-full_width elementor-section-height-default elementor-section-height-default\" data-id=\"87db3ed\" data-element_type=\"section\" data-settings=\"{&quot;background_background&quot;:&quot;classic&quot;}\">\n\t\t\t\t\t\t<div class=\"elementor-container elementor-column-gap-default\">\n\t\t\t\t\t<div class=\"elementor-column elementor-col-100 elementor-top-column elementor-element elementor-element-4d4999f\" data-id=\"4d4999f\" data-element_type=\"column\" data-settings=\"{&quot;background_background&quot;:&quot;classic&quot;}\">\n\t\t\t<div class=\"elementor-widget-wrap elementor-element-populated\">\n\t\t\t\t\t\t\t\t<div class=\"elementor-element elementor-element-9afd941 elementor-widget elementor-widget-global elementor-global-9040 elementor-global-8274 elementor-widget-html\" data-id=\"9afd941\" data-element_type=\"widget\" data-widget_type=\"html.default\">\n\t\t\t\t<div class=\"elementor-widget-container\">\n\t\t\t<div id=\"custom-newsletter\" class=\"bg-img text-center\">\n        <div class=\"container\">\n          <!--<h2>-->\n          <!-- <strong>Subscribe<\/strong>-->\n          <!--<\/h2>-->\n          <h3 class=\"font-alt\">Give love a chance and join the Magnet newsletter!<\/h3>\n          <br>\n          <form class=\"form-subscribe\" action=\"https:\/\/mda.sendsmaily.net\/api\/opt-in\/\" autocomplete=\"off\" method=\"post\">\n            <div class=\"input-group\">\n                <input name=\"key\" type=\"hidden\" value=\"zm7OfM_F12B-878ACgA0YpN320EiN--k7zqARss-nAY,\">\n    <input name=\"autoresponder\" type=\"hidden\" value=\"1\">\n    <input name=\"success_url\" type=\"hidden\" value=\"https:\/\/www.magnetdatingagency.com\/\">\n    <input name=\"failure_url\" type=\"hidden\" value=\"https:\/\/www.magnetdatingagency.com\/\">\n    <input name=\"source\" type=\"hidden\" value=\"web\">\n    <input name=\"language\" type=\"hidden\" value=\"est\">\n              <input type=\"text\" name=\"email\" class=\"form-control input-lg\" placeholder=\"E-mail*\" style=\"border:none\">\n              <span class=\"input-group-btn\">\n                <button class=\"btn btn-success btn-lg\" type=\"submit\" style=\"border:none\">Yes, I subscribe! <\/button>\n              <\/span>\n            <\/div>\n          <\/form>\n        <\/div>\n      <\/div>\n \t\t<\/div>\n\t\t\t\t<\/div>\n\t\t\t\t\t<\/div>\n\t\t<\/div>\n\t\t\t\t\t\t\t<\/div>\n\t\t<\/section>\n\t\t\t\t\t\t\t<\/div>\n\t\t","protected":false},"excerpt":{"rendered":"<p>Chemistry or Connection? juuli 10, 2023 On the first date, if you have chemistry without the connection, you will get the call. If you have connection&hellip; Read article Kohtamine 21. sajandil aprill 4, 2023 L\u00e4hisuhted on alati olnud m\u00f5jutatud muutustest \u00fchiskonnas ja maailmas laiemalt. Huvitav on vaadata \u00fchiskondlikke norme ja arusaamasid ning n\u00e4ha, kuidas&hellip; Read&hellip;<\/p>\n","protected":false},"author":1,"featured_media":0,"parent":0,"menu_order":26,"comment_status":"closed","ping_status":"closed","template":"","meta":{"footnotes":""},"class_list":["post-9292","page","type-page","status-publish","hentry","category-43","description-off"],"acf":[],"yoast_head":"<!-- This site is optimized with the Yoast SEO plugin v24.6 - https:\/\/yoast.com\/wordpress\/plugins\/seo\/ -->\n<title>Blogi - Magnet Dating Agency<\/title>\n<meta name=\"robots\" content=\"index, follow, max-snippet:-1, max-image-preview:large, max-video-preview:-1\" \/>\n<link rel=\"canonical\" href=\"https:\/\/magnetdatingagency.com\/en\/blog\/\" \/>\n<meta property=\"og:locale\" content=\"en_US\" \/>\n<meta property=\"og:type\" content=\"article\" \/>\n<meta property=\"og:title\" content=\"Blogi - Magnet Dating Agency\" \/>\n<meta property=\"og:description\" content=\"Chemistry or Connection? juuli 10, 2023 On the first date, if you have chemistry without the connection, you will get the call. If you have connection&hellip; Read article Kohtamine 21. sajandil aprill 4, 2023 L\u00e4hisuhted on alati olnud m\u00f5jutatud muutustest \u00fchiskonnas ja maailmas laiemalt. Huvitav on vaadata \u00fchiskondlikke norme ja arusaamasid ning n\u00e4ha, kuidas&hellip; Read&hellip;\" \/>\n<meta property=\"og:url\" content=\"https:\/\/magnetdatingagency.com\/en\/blog\/\" \/>\n<meta property=\"og:site_name\" content=\"Magnet Dating Agency\" \/>\n<meta property=\"article:modified_time\" content=\"2023-11-01T12:49:30+00:00\" \/>\n<meta name=\"twitter:card\" content=\"summary_large_image\" \/>\n<meta name=\"twitter:label1\" content=\"Est. reading time\" \/>\n\t<meta name=\"twitter:data1\" content=\"2 minutes\" \/>\n<script type=\"application\/ld+json\" class=\"yoast-schema-graph\">{\"@context\":\"https:\/\/schema.org\",\"@graph\":[{\"@type\":\"WebPage\",\"@id\":\"https:\/\/magnetdatingagency.com\/en\/blog\/\",\"url\":\"https:\/\/magnetdatingagency.com\/en\/blog\/\",\"name\":\"Blogi - Magnet Dating Agency\",\"isPartOf\":{\"@id\":\"https:\/\/magnetdatingagency.com\/en\/#website\"},\"datePublished\":\"2019-12-20T10:56:48+00:00\",\"dateModified\":\"2023-11-01T12:49:30+00:00\",\"breadcrumb\":{\"@id\":\"https:\/\/magnetdatingagency.com\/en\/blog\/#breadcrumb\"},\"inLanguage\":\"en-US\",\"potentialAction\":[{\"@type\":\"ReadAction\",\"target\":[\"https:\/\/magnetdatingagency.com\/en\/blog\/\"]}]},{\"@type\":\"BreadcrumbList\",\"@id\":\"https:\/\/magnetdatingagency.com\/en\/blog\/#breadcrumb\",\"itemListElement\":[{\"@type\":\"ListItem\",\"position\":1,\"name\":\"Home\",\"item\":\"https:\/\/magnetdatingagency.com\/en\/\"},{\"@type\":\"ListItem\",\"position\":2,\"name\":\"Blogi\"}]},{\"@type\":\"WebSite\",\"@id\":\"https:\/\/magnetdatingagency.com\/en\/#website\",\"url\":\"https:\/\/magnetdatingagency.com\/en\/\",\"name\":\"Magnet Dating Agency\",\"description\":\"\",\"publisher\":{\"@id\":\"https:\/\/magnetdatingagency.com\/en\/#organization\"},\"potentialAction\":[{\"@type\":\"SearchAction\",\"target\":{\"@type\":\"EntryPoint\",\"urlTemplate\":\"https:\/\/magnetdatingagency.com\/en\/?s={search_term_string}\"},\"query-input\":{\"@type\":\"PropertyValueSpecification\",\"valueRequired\":true,\"valueName\":\"search_term_string\"}}],\"inLanguage\":\"en-US\"},{\"@type\":\"Organization\",\"@id\":\"https:\/\/magnetdatingagency.com\/en\/#organization\",\"name\":\"Magnet Dating Agency\",\"url\":\"https:\/\/magnetdatingagency.com\/en\/\",\"logo\":{\"@type\":\"ImageObject\",\"inLanguage\":\"en-US\",\"@id\":\"https:\/\/magnetdatingagency.com\/en\/#\/schema\/logo\/image\/\",\"url\":\"https:\/\/magnetdatingagency.com\/wp-content\/uploads\/2021\/11\/logo-magnetdatingagency.jpeg\",\"contentUrl\":\"https:\/\/magnetdatingagency.com\/wp-content\/uploads\/2021\/11\/logo-magnetdatingagency.jpeg\",\"width\":614,\"height\":301,\"caption\":\"Magnet Dating Agency\"},\"image\":{\"@id\":\"https:\/\/magnetdatingagency.com\/en\/#\/schema\/logo\/image\/\"}}]}<\/script>\n<!-- \/ Yoast SEO plugin. -->","yoast_head_json":{"title":"Blogi - Magnet Dating Agency","robots":{"index":"index","follow":"follow","max-snippet":"max-snippet:-1","max-image-preview":"max-image-preview:large","max-video-preview":"max-video-preview:-1"},"canonical":"https:\/\/magnetdatingagency.com\/en\/blog\/","og_locale":"en_US","og_type":"article","og_title":"Blogi - Magnet Dating Agency","og_description":"Chemistry or Connection? juuli 10, 2023 On the first date, if you have chemistry without the connection, you will get the call. If you have connection&hellip; Read article Kohtamine 21. sajandil aprill 4, 2023 L\u00e4hisuhted on alati olnud m\u00f5jutatud muutustest \u00fchiskonnas ja maailmas laiemalt. Huvitav on vaadata \u00fchiskondlikke norme ja arusaamasid ning n\u00e4ha, kuidas&hellip; Read&hellip;","og_url":"https:\/\/magnetdatingagency.com\/en\/blog\/","og_site_name":"Magnet Dating Agency","article_modified_time":"2023-11-01T12:49:30+00:00","twitter_card":"summary_large_image","twitter_misc":{"Est. reading time":"2 minutes"},"schema":{"@context":"https:\/\/schema.org","@graph":[{"@type":"WebPage","@id":"https:\/\/magnetdatingagency.com\/en\/blog\/","url":"https:\/\/magnetdatingagency.com\/en\/blog\/","name":"Blogi - Magnet Dating Agency","isPartOf":{"@id":"https:\/\/magnetdatingagency.com\/en\/#website"},"datePublished":"2019-12-20T10:56:48+00:00","dateModified":"2023-11-01T12:49:30+00:00","breadcrumb":{"@id":"https:\/\/magnetdatingagency.com\/en\/blog\/#breadcrumb"},"inLanguage":"en-US","potentialAction":[{"@type":"ReadAction","target":["https:\/\/magnetdatingagency.com\/en\/blog\/"]}]},{"@type":"BreadcrumbList","@id":"https:\/\/magnetdatingagency.com\/en\/blog\/#breadcrumb","itemListElement":[{"@type":"ListItem","position":1,"name":"Home","item":"https:\/\/magnetdatingagency.com\/en\/"},{"@type":"ListItem","position":2,"name":"Blogi"}]},{"@type":"WebSite","@id":"https:\/\/magnetdatingagency.com\/en\/#website","url":"https:\/\/magnetdatingagency.com\/en\/","name":"Magnet Dating Agency","description":"","publisher":{"@id":"https:\/\/magnetdatingagency.com\/en\/#organization"},"potentialAction":[{"@type":"SearchAction","target":{"@type":"EntryPoint","urlTemplate":"https:\/\/magnetdatingagency.com\/en\/?s={search_term_string}"},"query-input":{"@type":"PropertyValueSpecification","valueRequired":true,"valueName":"search_term_string"}}],"inLanguage":"en-US"},{"@type":"Organization","@id":"https:\/\/magnetdatingagency.com\/en\/#organization","name":"Magnet Dating Agency","url":"https:\/\/magnetdatingagency.com\/en\/","logo":{"@type":"ImageObject","inLanguage":"en-US","@id":"https:\/\/magnetdatingagency.com\/en\/#\/schema\/logo\/image\/","url":"https:\/\/magnetdatingagency.com\/wp-content\/uploads\/2021\/11\/logo-magnetdatingagency.jpeg","contentUrl":"https:\/\/magnetdatingagency.com\/wp-content\/uploads\/2021\/11\/logo-magnetdatingagency.jpeg","width":614,"height":301,"caption":"Magnet Dating Agency"},"image":{"@id":"https:\/\/magnetdatingagency.com\/en\/#\/schema\/logo\/image\/"}}]}},"_links":{"self":[{"href":"https:\/\/magnetdatingagency.com\/en\/wp-json\/wp\/v2\/pages\/9292","targetHints":{"allow":["GET"]}}],"collection":[{"href":"https:\/\/magnetdatingagency.com\/en\/wp-json\/wp\/v2\/pages"}],"about":[{"href":"https:\/\/magnetdatingagency.com\/en\/wp-json\/wp\/v2\/types\/page"}],"author":[{"embeddable":true,"href":"https:\/\/magnetdatingagency.com\/en\/wp-json\/wp\/v2\/users\/1"}],"replies":[{"embeddable":true,"href":"https:\/\/magnetdatingagency.com\/en\/wp-json\/wp\/v2\/comments?post=9292"}],"version-history":[{"count":6,"href":"https:\/\/magnetdatingagency.com\/en\/wp-json\/wp\/v2\/pages\/9292\/revisions"}],"predecessor-version":[{"id":9523,"href":"https:\/\/magnetdatingagency.com\/en\/wp-json\/wp\/v2\/pages\/9292\/revisions\/9523"}],"wp:attachment":[{"href":"https:\/\/magnetdatingagency.com\/en\/wp-json\/wp\/v2\/media?parent=9292"}],"curies":[{"name":"wp","href":"https:\/\/api.w.org\/{rel}","templated":true}]}}